{"id":975,"date":"2018-05-09T16:11:53","date_gmt":"2018-05-09T16:11:53","guid":{"rendered":"https:\/\/www.dr-post.at\/praxis\/?page_id=975"},"modified":"2020-09-22T15:22:06","modified_gmt":"2020-09-22T15:22:06","slug":"behandlung-von-burnout","status":"publish","type":"page","link":"https:\/\/www.dr-post.at\/praxis\/behandlung-von-burnout\/","title":{"rendered":"Behandlung von Burnout"},"content":{"rendered":"<p>[et_pb_section fb_built=&#8220;1&#8243; _builder_version=&#8220;4.6.0&#8243; _module_preset=&#8220;default&#8220;][et_pb_row _builder_version=&#8220;4.6.0&#8243; _module_preset=&#8220;default&#8220; hover_enabled=&#8220;0&#8243; sticky_enabled=&#8220;0&#8243;][et_pb_column _builder_version=&#8220;4.6.0&#8243; _module_preset=&#8220;default&#8220; type=&#8220;4_4&#8243;][et_pb_text _builder_version=&#8220;4.6.0&#8243; _module_preset=&#8220;default&#8220; hover_enabled=&#8220;0&#8243; sticky_enabled=&#8220;0&#8243; custom_margin=&#8220;||||false|false&#8220; custom_padding=&#8220;||||false|false&#8220;]<\/p>\n<h1>Behandlung von Burnout<\/h1>\n<p>Als ihr Facharzt f\u00fcr Psychiatrie und psychotherapeutische Medizin in Innsbruck und in Kitzb\u00fchel biete ich Ihnen eine fach\u00e4rztlich-psychiatrische diagnostische Abkl\u00e4rung und Behandlung bei Burnout.<\/p>\n<p>Auch im Akut- und Krisenfall bin ich f\u00fcr Sie da und biete Ihnen kurzfristig Termine:<\/p>\n<ul>\n<li>Belastung<\/li>\n<li>Krise<\/li>\n<li>\u00dcberlastung<\/li>\n<li>Ersch\u00f6pfung<\/li>\n<li>Burnout<\/li>\n<li>Beziehungsprobleme<\/li>\n<li>Mobbing<\/li>\n<li>schwer bew\u00e4ltigbare Lebensereignisse<\/li>\n<\/ul>\n<p>[\/et_pb_text][\/et_pb_column][\/et_pb_row][et_pb_row column_structure=&#8220;2_3,1_3&#8243; _builder_version=&#8220;4.6.0&#8243; _module_preset=&#8220;default&#8220; vertical_offset_tablet=&#8220;0&#8243; horizontal_offset_tablet=&#8220;0&#8243; height=&#8220;357px&#8220; custom_margin=&#8220;50px|auto|50px|auto|false|false&#8220; custom_padding=&#8220;||||false|false&#8220; z_index_tablet=&#8220;0&#8243; border_radii=&#8220;on|6px|6px|6px|6px&#8220; border_width_all=&#8220;2px&#8220; border_color_all=&#8220;#022664&#8243; box_shadow_horizontal_tablet=&#8220;0px&#8220; box_shadow_vertical_tablet=&#8220;0px&#8220; box_shadow_blur_tablet=&#8220;40px&#8220; box_shadow_spread_tablet=&#8220;0px&#8220; saved_tabs=&#8220;all&#8220; global_module=&#8220;1695&#8243;][et_pb_column type=&#8220;2_3&#8243; _builder_version=&#8220;4.6.0&#8243; _module_preset=&#8220;default&#8220;][et_pb_cta title=&#8220;Hier gehts zum Ersten Schritt&#8220; button_url=&#8220;tel:+43512890037&#8243; button_text=&#8220;Telefon 0512 890037 &#8220; _builder_version=&#8220;4.6.0&#8243; header_font=&#8220;|300|||||||&#8220; header_text_align=&#8220;center&#8220; header_text_color=&#8220;#022664&#8243; header_font_size=&#8220;22px&#8220; body_text_align=&#8220;center&#8220; body_text_color=&#8220;#022664&#8243; use_background_color=&#8220;off&#8220; background_enable_image=&#8220;off&#8220; background_size=&#8220;initial&#8220; background_position=&#8220;center_right&#8220; custom_button=&#8220;on&#8220; button_text_color=&#8220;#ffffff&#8220; button_bg_color=&#8220;#022664&#8243; button_border_radius=&#8220;6px&#8220; button_use_icon=&#8220;off&#8220; vertical_offset_tablet=&#8220;0&#8243; horizontal_offset_tablet=&#8220;0&#8243; custom_padding=&#8220;50px||||false|false&#8220; link_option_url=&#8220;tel:+43512890037&#8243; z_index_tablet=&#8220;0&#8243; header_text_shadow_horizontal_length_tablet=&#8220;0px&#8220; header_text_shadow_vertical_length_tablet=&#8220;0px&#8220; header_text_shadow_blur_strength_tablet=&#8220;1px&#8220; body_text_shadow_horizontal_length_tablet=&#8220;0px&#8220; body_text_shadow_vertical_length_tablet=&#8220;0px&#8220; body_text_shadow_blur_strength_tablet=&#8220;1px&#8220; body_link_text_shadow_horizontal_length_tablet=&#8220;0px&#8220; body_link_text_shadow_vertical_length_tablet=&#8220;0px&#8220; body_link_text_shadow_blur_strength_tablet=&#8220;1px&#8220; body_ul_text_shadow_horizontal_length_tablet=&#8220;0px&#8220; body_ul_text_shadow_vertical_length_tablet=&#8220;0px&#8220; body_ul_text_shadow_blur_strength_tablet=&#8220;1px&#8220; body_ol_text_shadow_horizontal_length_tablet=&#8220;0px&#8220; body_ol_text_shadow_vertical_length_tablet=&#8220;0px&#8220; body_ol_text_shadow_blur_strength_tablet=&#8220;1px&#8220; body_quote_text_shadow_horizontal_length_tablet=&#8220;0px&#8220; body_quote_text_shadow_vertical_length_tablet=&#8220;0px&#8220; body_quote_text_shadow_blur_strength_tablet=&#8220;1px&#8220; button_text_shadow_horizontal_length_tablet=&#8220;0px&#8220; button_text_shadow_vertical_length_tablet=&#8220;0px&#8220; button_text_shadow_blur_strength_tablet=&#8220;1px&#8220; box_shadow_horizontal_tablet=&#8220;0px&#8220; box_shadow_vertical_tablet=&#8220;0px&#8220; box_shadow_blur_tablet=&#8220;40px&#8220; box_shadow_spread_tablet=&#8220;0px&#8220; box_shadow_horizontal_button_tablet=&#8220;0px&#8220; box_shadow_vertical_button_tablet=&#8220;0px&#8220; box_shadow_blur_button_tablet=&#8220;40px&#8220; box_shadow_spread_button_tablet=&#8220;0px&#8220; text_shadow_horizontal_length_tablet=&#8220;0px&#8220; text_shadow_vertical_length_tablet=&#8220;0px&#8220; text_shadow_blur_strength_tablet=&#8220;1px&#8220;]<\/p>\n<h2>f\u00fcr Ihre psychische Gesundheit<\/h2>\n<\/p>\n<p>Kontaktieren Sie Dr. Thomas Post f\u00fcr einen Termin in Innsbruck oder Kitzb\u00fchel!<\/p>\n<p>[\/et_pb_cta][\/et_pb_column][et_pb_column type=&#8220;1_3&#8243; _builder_version=&#8220;4.6.0&#8243; _module_preset=&#8220;default&#8220;][et_pb_image src=&#8220;https:\/\/www.dr-post.at\/praxis\/wp-content\/uploads\/2017\/08\/thomas_post_weiss_quadrat_300_sw_60.jpg&#8220; alt=&#8220;Dr. Thomas Post, Psychiater in Innsbruck&#8220; title_text=&#8220;thomas_post_weiss_quadrat_300_sw_60&#8243; align=&#8220;center&#8220; _builder_version=&#8220;4.6.0&#8243; _module_preset=&#8220;default&#8220;][\/et_pb_image][\/et_pb_column][\/et_pb_row][\/et_pb_section]<\/p>\n","protected":false},"excerpt":{"rendered":"<p>Behandlung von Burnout Als ihr Facharzt f\u00fcr Psychiatrie und psychotherapeutische Medizin in Innsbruck und in Kitzb\u00fchel biete ich Ihnen eine fach\u00e4rztlich-psychiatrische diagnostische Abkl\u00e4rung und Behandlung bei Burnout. Auch im Akut- und Krisenfall bin ich f\u00fcr Sie da und biete Ihnen kurzfristig Termine: Belastung Krise \u00dcberlastung Ersch\u00f6pfung Burnout Beziehungsprobleme Mobbing schwer bew\u00e4ltigbare Lebensereignisse f\u00fcr Ihre psychische [&hellip;]<\/p>\n","protected":false},"author":1,"featured_media":0,"parent":0,"menu_order":0,"comment_status":"closed","ping_status":"closed","template":"","meta":{"_et_pb_use_builder":"on","_et_pb_old_content":"<p>Als ihr Facharzt f\u00fcr Psychiatrie und psychotherapeutische Medizin in Innsbruck und in Kitzb\u00fchel biete ich Ihnen eine fach\u00e4rztlich-psychiatrische diagnostische Abkl\u00e4rung und Behandlung bei Burnout.<\/p><p>Auch im Akut- und Krisenfall bin ich f\u00fcr Sie da und biete Ihnen kurzfristig Termine:<\/p><ul><li>Belastung<\/li><li>Krise<\/li><li>\u00dcberlastung<\/li><li>Ersch\u00f6pfung<\/li><li>Burnout<\/li><li>Beziehungsprobleme<\/li><li>Mobbing<\/li><li>schwer bew\u00e4ltigbare Lebensereignisse<\/li><\/ul>","_et_gb_content_width":"1200","footnotes":""},"class_list":["post-975","page","type-page","status-publish","hentry"],"_links":{"self":[{"href":"https:\/\/www.dr-post.at\/praxis\/wp-json\/wp\/v2\/pages\/975","targetHints":{"allow":["GET"]}}],"collection":[{"href":"https:\/\/www.dr-post.at\/praxis\/wp-json\/wp\/v2\/pages"}],"about":[{"href":"https:\/\/www.dr-post.at\/praxis\/wp-json\/wp\/v2\/types\/page"}],"author":[{"embeddable":true,"href":"https:\/\/www.dr-post.at\/praxis\/wp-json\/wp\/v2\/users\/1"}],"replies":[{"embeddable":true,"href":"https:\/\/www.dr-post.at\/praxis\/wp-json\/wp\/v2\/comments?post=975"}],"version-history":[{"count":0,"href":"https:\/\/www.dr-post.at\/praxis\/wp-json\/wp\/v2\/pages\/975\/revisions"}],"wp:attachment":[{"href":"https:\/\/www.dr-post.at\/praxis\/wp-json\/wp\/v2\/media?parent=975"}],"curies":[{"name":"wp","href":"https:\/\/api.w.org\/{rel}","templated":true}]}}