{"id":635,"date":"2017-08-16T07:43:43","date_gmt":"2017-08-16T07:43:43","guid":{"rendered":"http:\/\/dr-post.at\/praxis\/?page_id=635"},"modified":"2020-09-03T14:10:15","modified_gmt":"2020-09-03T14:10:15","slug":"impressum","status":"publish","type":"page","link":"https:\/\/www.dr-post.at\/praxis\/impressum\/","title":{"rendered":"Impressum"},"content":{"rendered":"<h2>Eigent\u00fcmer<\/h2>\n<p>Dr. Thomas Post<br \/>\nWilhelm-Greil-Stra\u00dfe 5<br \/>\nA-6020 Innsbruck<br \/>\nTelefon:&nbsp;<a href=\"tel:+43512890037\">0512 \u2013 89 00 37<\/a><br \/>\nMail:&nbsp;<a href=\"mailto:praxis@dr-post.at\">praxis@dr-post.at<\/a><\/p>\n<h2>Haftungsausschlu\u00df<\/h2>\n<p>F\u00fcr Inhalte von verlinkten Websites wird keine Verantwortung \u00fcbernommen.<\/p>\n<p>&nbsp;<\/p>\n","protected":false},"excerpt":{"rendered":"<p>Eigent\u00fcmer Dr. Thomas Post Wilhelm-Greil-Stra\u00dfe 5 A-6020 Innsbruck Telefon:&nbsp;0512 \u2013 89 00 37 Mail:&nbsp;praxis@dr-post.at Haftungsausschlu\u00df F\u00fcr Inhalte von verlinkten Websites wird keine Verantwortung \u00fcbernommen. &nbsp;<\/p>\n","protected":false},"author":1,"featured_media":0,"parent":0,"menu_order":0,"comment_status":"closed","ping_status":"closed","template":"","meta":{"_et_pb_use_builder":"","_et_pb_old_content":"","_et_gb_content_width":"1200","footnotes":""},"class_list":["post-635","page","type-page","status-publish","hentry"],"_links":{"self":[{"href":"https:\/\/www.dr-post.at\/praxis\/wp-json\/wp\/v2\/pages\/635","targetHints":{"allow":["GET"]}}],"collection":[{"href":"https:\/\/www.dr-post.at\/praxis\/wp-json\/wp\/v2\/pages"}],"about":[{"href":"https:\/\/www.dr-post.at\/praxis\/wp-json\/wp\/v2\/types\/page"}],"author":[{"embeddable":true,"href":"https:\/\/www.dr-post.at\/praxis\/wp-json\/wp\/v2\/users\/1"}],"replies":[{"embeddable":true,"href":"https:\/\/www.dr-post.at\/praxis\/wp-json\/wp\/v2\/comments?post=635"}],"version-history":[{"count":0,"href":"https:\/\/www.dr-post.at\/praxis\/wp-json\/wp\/v2\/pages\/635\/revisions"}],"wp:attachment":[{"href":"https:\/\/www.dr-post.at\/praxis\/wp-json\/wp\/v2\/media?parent=635"}],"curies":[{"name":"wp","href":"https:\/\/api.w.org\/{rel}","templated":true}]}}