{"id":489,"date":"2017-08-08T15:26:14","date_gmt":"2017-08-08T15:26:14","guid":{"rendered":"http:\/\/dr-post.at\/praxis\/?page_id=489"},"modified":"2020-11-04T14:34:32","modified_gmt":"2020-11-04T14:34:32","slug":"ihr-psychiater-in-innsbruck","status":"publish","type":"page","link":"https:\/\/www.dr-post.at\/praxis\/ihr-psychiater-in-innsbruck\/","title":{"rendered":"Ihr Psychiater in Innsbruck"},"content":{"rendered":"[et_pb_section admin_label=&#8220;section&#8220;]\n\t\t\t[et_pb_row admin_label=&#8220;row&#8220;]\n\t\t\t\t[et_pb_column type=&#8220;4_4&#8243;][et_pb_text admin_label=&#8220;Text&#8220;]<div id=\"accordion-1\" class=\"accordion no-js\">\n\t\t\t\t\t<h2 role=\"button\" id=\"accordion-1-t1\" class=\"accordion-title js-accordion-controller\" aria-controls=\"accordion-1-c1\" aria-expanded=\"false\" tabindex=\"0\" data-initialstate=\"open\">\n\t\t\t\tOrdination Innsbruck\t\t\t<\/h2>\n\t\t\n\t\t<div id=\"accordion-1-c1\" class=\"accordion-content\" aria-hidden=\"true\">\n\t\t\t<img decoding=\"async\" class=\"kontakt size-thumbnail wp-image-367 alignleft\" src=\"https:\/\/www.dr-post.at\/praxis\/wp-content\/uploads\/2017\/08\/thomas_post_weiss_quadrat_300_sw_60.jpg\" alt=\"Dr. Thomas Post, Psychiater in Innsbruck\" width=\"150px\" \/>Wilhelm-Greil-Stra\u00dfe 5<br \/>A-6020 Innsbruck<br \/>Telefon:\u00a0<a href=\"tel:+43512890037\">0512 &#8211; 89 00 37<\/a><br \/>Mail: <a href=\"mailto:praxis@dr-post.at\">praxis@dr-post.at<\/a><br \/>Bitte um <strong>telefonische Terminvereinbarung!<\/strong><\/p>\r\n<p><iframe loading=\"lazy\" style=\"margin-top:5px; border: 0;\" src=\"https:\/\/www.google.com\/maps\/embed?pb=!1m18!1m12!1m3!1d2707.4676385717808!2d11.395416115399653!3d47.2661123791635!2m3!1f0!2f0!3f0!3m2!1i1024!2i768!4f13.1!3m3!1m2!1s0x479d6bfce3f7b933%3A0x1fa4959bc064d8b5!2sWilhelm-Greil-Stra%C3%9Fe+5%2C+6020+Innsbruck%2C+%C3%96sterreich!5e0!3m2!1sde!2sus!4v1501062075078\" width=\"90%\" height=\"300\" frameborder=\"0\" allowfullscreen=\"allowfullscreen\"><\/iframe><\/p>\r\n<p>\t\t<\/div>\n\n\t\t<\/p>\r\n<p>Am Mittwochnachmittag von 14:00 bis 19:00 bin ich auch in <strong>Kitzb\u00fchel<\/strong>, in der Ordination von <a href=\"http:\/\/www.arzt-kitz.at\/\" target=\"_blank\" rel=\"noopener noreferrer\">Dr. Helmuth Obermoser<\/a>, t\u00e4tig. F\u00fcr Patienten aus dem <strong>Tiroler Unterland<\/strong>, aus <strong>Kitzb\u00fchel<\/strong>, <strong>St. Johann in Tirol<\/strong>, <strong>Kufstein<\/strong> oder <strong>W\u00f6rgl<\/strong>.<\/p>\r\n<p>\n\t\t\t\t\t<h2 role=\"button\" id=\"accordion-1-t2\" class=\"accordion-title js-accordion-controller\" aria-controls=\"accordion-1-c2\" aria-expanded=\"false\" tabindex=\"0\" data-initialstate=\"closed\">\n\t\t\t\tOrdination Kitzb\u00fchel\t\t\t<\/h2>\n\t\t\n\t\t<div id=\"accordion-1-c2\" class=\"accordion-content\" aria-hidden=\"true\">\n\t\t\t<img decoding=\"async\" class=\"kontakt size-thumbnail wp-image-367 alignleft\" src=\"https:\/\/www.dr-post.at\/praxis\/wp-content\/uploads\/2017\/08\/thomas_post_weiss_quadrat_300_sw_60.jpg\" alt=\"Dr. Thomas Post, Psychiater in Kitzb\u00fchel\" width=\"150px\" \/>Knappengasse 2<br \/>A-6370 Kitzb\u00fchel<br \/>Telefon:\u00a0<a href=\"tel:+43535663333\">05356 &#8211; 63 3 33<\/a><br \/>Fax: 05356 &#8211; 63 3 33 &#8211; 33<\/p>\r\n<p><iframe loading=\"lazy\" style=\"margin-top:5px; border: 0;\" src=\"https:\/\/www.google.com\/maps\/embed?pb=!1m18!1m12!1m3!1d2698.3247383997423!2d12.394078315406562!3d47.44460897917427!2m3!1f0!2f0!3f0!3m2!1i1024!2i768!4f13.1!3m3!1m2!1s0x0%3A0x0!2zNDfCsDI2JzQwLjYiTiAxMsKwMjMnNDYuNiJF!5e0!3m2!1sde!2sus!4v1501064856336\" width=\"90%\" height=\"300\" frameborder=\"0\" allowfullscreen=\"allowfullscreen\"><\/iframe><br \/>\t\t<\/div>\n\n\t\t<br \/><\/div>\r\n\r\n<p>Dr. Post behandelt als <a href=\"https:\/\/www.dr-post.at\/praxis\/wahlarzt\/\">Wahlarzt<\/a> Patienten in Innsbruck und Kitzb\u00fchel: <a href=\"https:\/\/www.dr-post.at\/praxis\/behandlung-von-angststoerungen\/\">Behandlung von Angstst\u00f6rungen<\/a>, <a href=\"https:\/\/www.dr-post.at\/praxis\/behandlung-von-burnout\/\">Behandlung bei Burnout<\/a>.<\/p>\r\n<p>&nbsp;<\/p>\r\n<p>&nbsp;<\/p>\r\n[\/et_pb_text][\/et_pb_column]\n\t\t\t[\/et_pb_row]\n\t\t[\/et_pb_section]","protected":false},"excerpt":{"rendered":"<p><div id=\"accordion-2\" class=\"accordion no-js\"><\/div>\n\t\t\t\t\t<h2 role=\"button\" id=\"accordion-2-t1\" class=\"accordion-title js-accordion-controller\" aria-controls=\"accordion-2-c1\" aria-expanded=\"false\" tabindex=\"0\" data-initialstate=\"open\">\n\t\t\t\tOrdination Innsbruck\t\t\t<\/h2>\n\t\t\n\t\t<div id=\"accordion-2-c1\" class=\"accordion-content\" aria-hidden=\"true\">\n\t\t\tWilhelm-Greil-Stra\u00dfe 5A-6020 InnsbruckTelefon:\u00a00512 &#8211; 89 00 37Mail: praxis@dr-post.atBitte um telefonische Terminvereinbarung! \t\t<\/div>\n\n\t\t Am Mittwochnachmittag von 14:00 bis 19:00 bin ich auch in Kitzb\u00fchel, in der Ordination von Dr. Helmuth Obermoser, t\u00e4tig. F\u00fcr Patienten aus dem Tiroler Unterland, aus Kitzb\u00fchel, St. Johann in Tirol, Kufstein oder W\u00f6rgl. \n\t\t\t\t\t<h2 role=\"button\" id=\"accordion-2-t2\" class=\"accordion-title js-accordion-controller\" aria-controls=\"accordion-2-c2\" aria-expanded=\"false\" tabindex=\"0\" data-initialstate=\"closed\">\n\t\t\t\tOrdination Kitzb\u00fchel\t\t\t<\/h2>\n\t\t\n\t\t<div id=\"accordion-2-c2\" class=\"accordion-content\" aria-hidden=\"true\">\n\t\t\t\t\t<\/div>\n\n\t\tKnappengasse [&hellip;]<\/p>\n","protected":false},"author":1,"featured_media":0,"parent":0,"menu_order":0,"comment_status":"closed","ping_status":"closed","template":"","meta":{"_et_pb_use_builder":"on","_et_pb_old_content":"<p>[accordion openfirst=true tag=h2][accordion-item title=\"Ordination Innsbruck\" state=open]<img class=\"kontakt size-thumbnail wp-image-367 alignleft\" src=\"https:\/\/www.dr-post.at\/praxis\/wp-content\/uploads\/2017\/08\/thomas_post_weiss_quadrat_300_sw_60.jpg\" alt=\"Dr. Thomas Post, Psychiater in Innsbruck\" width=\"150px\" \/>Wilhelm-Greil-Stra\u00dfe 5<br \/>A-6020 Innsbruck<br \/>Telefon:\u00a0<a href=\"tel:+43512890037\">0512 - 89 00 37<\/a><br \/>Mail: <a href=\"mailto:praxis@dr-post.at\">praxis@dr-post.at<\/a><br \/>Bitte um <strong>telefonische Terminvereinbarung!<\/strong><\/p>\r\n<p><iframe style=\"margin-top:5px; border: 0;\" src=\"https:\/\/www.google.com\/maps\/embed?pb=!1m18!1m12!1m3!1d2707.4676385717808!2d11.395416115399653!3d47.2661123791635!2m3!1f0!2f0!3f0!3m2!1i1024!2i768!4f13.1!3m3!1m2!1s0x479d6bfce3f7b933%3A0x1fa4959bc064d8b5!2sWilhelm-Greil-Stra%C3%9Fe+5%2C+6020+Innsbruck%2C+%C3%96sterreich!5e0!3m2!1sde!2sus!4v1501062075078\" width=\"90%\" height=\"300\" frameborder=\"0\" allowfullscreen=\"allowfullscreen\"><\/iframe><\/p>\r\n<p>[\/accordion-item]<\/p>\r\n<p>Am Mittwochnachmittag von 14:00 bis 19:00 bin ich auch in <strong>Kitzb\u00fchel<\/strong>, in der Ordination von <a href=\"http:\/\/www.arzt-kitz.at\/\" target=\"_blank\" rel=\"noopener noreferrer\">Dr. Helmuth Obermoser<\/a>, t\u00e4tig. F\u00fcr Patienten aus dem <strong>Tiroler Unterland<\/strong>, aus <strong>Kitzb\u00fchel<\/strong>, <strong>St. Johann in Tirol<\/strong>, <strong>Kufstein<\/strong> oder <strong>W\u00f6rgl<\/strong>.<\/p>\r\n<p>[accordion-item title=\"Ordination Kitzb\u00fchel\" state=closed]<img class=\"kontakt size-thumbnail wp-image-367 alignleft\" src=\"https:\/\/www.dr-post.at\/praxis\/wp-content\/uploads\/2017\/08\/thomas_post_weiss_quadrat_300_sw_60.jpg\" alt=\"Dr. Thomas Post, Psychiater in Kitzb\u00fchel\" width=\"150px\" \/>Knappengasse 2<br \/>A-6370 Kitzb\u00fchel<br \/>Telefon:\u00a0<a href=\"tel:+43535663333\">05356 - 63 3 33<\/a><br \/>Fax: 05356 - 63 3 33 - 33<\/p>\r\n<p><iframe style=\"margin-top:5px; border: 0;\" src=\"https:\/\/www.google.com\/maps\/embed?pb=!1m18!1m12!1m3!1d2698.3247383997423!2d12.394078315406562!3d47.44460897917427!2m3!1f0!2f0!3f0!3m2!1i1024!2i768!4f13.1!3m3!1m2!1s0x0%3A0x0!2zNDfCsDI2JzQwLjYiTiAxMsKwMjMnNDYuNiJF!5e0!3m2!1sde!2sus!4v1501064856336\" width=\"90%\" height=\"300\" frameborder=\"0\" allowfullscreen=\"allowfullscreen\"><\/iframe><br \/>[\/accordion-item]<br \/>[\/accordion]<\/p>\r\n<!-- wp:paragraph -->\r\n<p>Dr. Post behandelt als <a href=\"https:\/\/www.dr-post.at\/praxis\/wahlarzt\/\">Wahlarzt<\/a> Patienten in Innsbruck und Kitzb\u00fchel: <a href=\"https:\/\/www.dr-post.at\/praxis\/behandlung-von-angststoerungen\/\">Behandlung von Angstst\u00f6rungen<\/a>, <a href=\"https:\/\/www.dr-post.at\/praxis\/behandlung-von-burnout\/\">Behandlung bei Burnout<\/a>.<\/p>\r\n<p>&nbsp;<\/p>\r\n<p>&nbsp;<\/p>\r\n<!-- \/wp:paragraph -->","_et_gb_content_width":"1200","footnotes":""},"class_list":["post-489","page","type-page","status-publish","hentry"],"_links":{"self":[{"href":"https:\/\/www.dr-post.at\/praxis\/wp-json\/wp\/v2\/pages\/489","targetHints":{"allow":["GET"]}}],"collection":[{"href":"https:\/\/www.dr-post.at\/praxis\/wp-json\/wp\/v2\/pages"}],"about":[{"href":"https:\/\/www.dr-post.at\/praxis\/wp-json\/wp\/v2\/types\/page"}],"author":[{"embeddable":true,"href":"https:\/\/www.dr-post.at\/praxis\/wp-json\/wp\/v2\/users\/1"}],"replies":[{"embeddable":true,"href":"https:\/\/www.dr-post.at\/praxis\/wp-json\/wp\/v2\/comments?post=489"}],"version-history":[{"count":0,"href":"https:\/\/www.dr-post.at\/praxis\/wp-json\/wp\/v2\/pages\/489\/revisions"}],"wp:attachment":[{"href":"https:\/\/www.dr-post.at\/praxis\/wp-json\/wp\/v2\/media?parent=489"}],"curies":[{"name":"wp","href":"https:\/\/api.w.org\/{rel}","templated":true}]}}