{"id":42,"date":"2017-02-14T20:59:58","date_gmt":"2017-02-14T20:59:58","guid":{"rendered":"http:\/\/weinlabor.at\/wein\/generate\/?page_id=42"},"modified":"2020-09-02T11:36:32","modified_gmt":"2020-09-02T11:36:32","slug":"dr-post","status":"publish","type":"page","link":"https:\/\/www.dr-post.at\/praxis\/dr-post\/","title":{"rendered":"Dr. Thomas Post"},"content":{"rendered":"<p>[et_pb_section fb_built=&#8220;1&#8243; _builder_version=&#8220;3.22&#8243;][et_pb_row disabled_on=&#8220;on||&#8220; _builder_version=&#8220;3.25&#8243; background_size=&#8220;initial&#8220; background_position=&#8220;top_left&#8220; background_repeat=&#8220;repeat&#8220; column_structure=&#8220;2_3,1_3&#8243;][et_pb_column type=&#8220;2_3&#8243; _builder_version=&#8220;3.25&#8243; custom_padding=&#8220;|||&#8220; hover_enabled=&#8220;0&#8243; custom_padding__hover=&#8220;|||&#8220; sticky_enabled=&#8220;0&#8243;][et_pb_text _builder_version=&#8220;4.6.0&#8243; background_size=&#8220;initial&#8220; background_position=&#8220;top_left&#8220; background_repeat=&#8220;repeat&#8220; filter_saturate=&#8220;0%&#8220; hover_enabled=&#8220;0&#8243; sticky_enabled=&#8220;0&#8243;]<\/p>\n<h1>Dr. Thomas Post<\/h1>\n<p>&nbsp;<\/p>\n<p>\u00d6\u00c4K-Diplom forensisch-psychiatrische Gutachten<\/p>\n<p>\u00d6\u00c4K-Fortbildungsdiplom<\/p>\n<p>Seit 2017 in Gemeinschaftspraxis mit dem Internisten Dr. Christian Koppelst\u00e4tter in Innsbruck und Dr. Helmuth Obermoser in Kitzb\u00fchel selbstst\u00e4ndig<\/p>\n<p>Seit 2016 an der forensischen Ambulanz der promente plus in Innsbruck<\/p>\n<p>Seit 2015 Lektor am Institut f\u00fcr psychosoziale Intervention und Kommunikationsforschung der Universit\u00e4t Innsbruck<\/p>\n<p>2015 \u2013 2017 Oberarzt an der allgemeinen psychiatrischen Ambulanz und im Konsiliar-Liaison-Dienst<\/p>\n<p>2015 Facharzt f\u00fcr Psychiatrie und psychotherapeutische Medizin<\/p>\n<p>2009 \u2013 2015 Assistenzarzt am Department f\u00fcr Psychiatrie und Psychotherapie an der Universit\u00e4tsklinik Innsbruck: Akutstation, Drogenambulanz, station\u00e4re Suchtmittelentw\u00f6hnung, Station f\u00fcr affektive St\u00f6rungen, Psychosomatik, Konsiliar-Liaison-Dienst<\/p>\n<p>2013 Psychotherapeutisches Prop\u00e4deutikum<\/p>\n<p>2009 Promotion zum Doktor der gesamten Heilkunde an der Medizinischen Universit\u00e4t Innsbruck<\/p>\n<p>[\/et_pb_text][\/et_pb_column][et_pb_column type=&#8220;1_3&#8243; _builder_version=&#8220;3.25&#8243; custom_padding=&#8220;|||&#8220; custom_padding__hover=&#8220;|||&#8220;][et_pb_image src=&#8220;https:\/\/www.dr-post.at\/praxis\/wp-content\/uploads\/2017\/08\/thomas_post_weiss_quadrat_400.jpg&#8220; align_tablet=&#8220;center&#8220; align_last_edited=&#8220;on|desktop&#8220; _builder_version=&#8220;3.23&#8243; filter_saturate=&#8220;0%&#8220; always_center_on_mobile=&#8220;on&#8220;][\/et_pb_image][\/et_pb_column][\/et_pb_row][et_pb_row disabled_on=&#8220;|on|on&#8220; _builder_version=&#8220;3.25&#8243; background_size=&#8220;initial&#8220; background_position=&#8220;top_left&#8220; background_repeat=&#8220;repeat&#8220; column_structure=&#8220;1_3,2_3&#8243;][et_pb_column type=&#8220;1_3&#8243; _builder_version=&#8220;3.25&#8243; custom_padding=&#8220;|||&#8220; custom_padding__hover=&#8220;|||&#8220;][et_pb_image src=&#8220;https:\/\/www.dr-post.at\/praxis\/wp-content\/uploads\/2017\/08\/thomas_post_weiss_quadrat_400.jpg&#8220; align_tablet=&#8220;center&#8220; align_last_edited=&#8220;on|desktop&#8220; _builder_version=&#8220;3.23&#8243; filter_saturate=&#8220;0%&#8220; always_center_on_mobile=&#8220;on&#8220;][\/et_pb_image][\/et_pb_column][et_pb_column type=&#8220;2_3&#8243; _builder_version=&#8220;3.25&#8243; custom_padding=&#8220;|||&#8220; custom_padding__hover=&#8220;|||&#8220;][et_pb_text _builder_version=&#8220;4.6.0&#8243; background_size=&#8220;initial&#8220; background_position=&#8220;top_left&#8220; background_repeat=&#8220;repeat&#8220; filter_saturate=&#8220;0%&#8220; hover_enabled=&#8220;0&#8243; sticky_enabled=&#8220;0&#8243;]<\/p>\n<h1>Dr. Thomas Post<\/h1>\n<p>&nbsp;<\/p>\n<p>\u00d6\u00c4K-Diplom forensisch-psychiatrische Gutachten<\/p>\n<p>\u00d6\u00c4K-Fortbildungsdiplom<\/p>\n<p>Seit 2017 in Gemeinschaftspraxis mit dem Internisten Dr. Christian Koppelst\u00e4tter in Innsbruck und Dr. Helmuth Obermoser in Kitzb\u00fchel selbstst\u00e4ndig<\/p>\n<p>Seit 2016 an der forensischen Ambulanz der promente plus in Innsbruck<\/p>\n<p>Seit 2015 Lektor am Institut f\u00fcr psychosoziale Intervention und Kommunikationsforschung der Universit\u00e4t Innsbruck<\/p>\n<p>2015 \u2013 2017 Oberarzt an der allgemeinen psychiatrischen Ambulanz und im Konsiliar-Liaison-Dienst<\/p>\n<p>2015 Facharzt f\u00fcr Psychiatrie und psychotherapeutische Medizin<\/p>\n<p>2009 \u2013 2015 Assistenzarzt am Department f\u00fcr Psychiatrie und Psychotherapie an der Universit\u00e4tsklinik Innsbruck: Akutstation, Drogenambulanz, station\u00e4re Suchtmittelentw\u00f6hnung, Station f\u00fcr affektive St\u00f6rungen, Psychosomatik, Konsiliar-Liaison-Dienst<\/p>\n<p>2013 Psychotherapeutisches Prop\u00e4deutikum<\/p>\n<p>2009 Promotion zum Doktor der gesamten Heilkunde an der Medizinischen Universit\u00e4t Innsbruck<\/p>\n<p>[\/et_pb_text][\/et_pb_column][\/et_pb_row][\/et_pb_section]<\/p>\n","protected":false},"excerpt":{"rendered":"<p>Dr. Thomas Post &nbsp; \u00d6\u00c4K-Diplom forensisch-psychiatrische Gutachten \u00d6\u00c4K-Fortbildungsdiplom Seit 2017 in Gemeinschaftspraxis mit dem Internisten Dr. Christian Koppelst\u00e4tter in Innsbruck und Dr. Helmuth Obermoser in Kitzb\u00fchel selbstst\u00e4ndig Seit 2016 an der forensischen Ambulanz der promente plus in Innsbruck Seit 2015 Lektor am Institut f\u00fcr psychosoziale Intervention und Kommunikationsforschung der Universit\u00e4t Innsbruck 2015 \u2013 2017 Oberarzt [&hellip;]<\/p>\n","protected":false},"author":1,"featured_media":0,"parent":0,"menu_order":0,"comment_status":"closed","ping_status":"closed","template":"","meta":{"_et_pb_use_builder":"on","_et_pb_old_content":"<p><img class=\"alignnone wp-image-104 size-full\" src=\"https:\/\/www.dr-post.at\/praxis\/wp-content\/uploads\/2017\/02\/thomas_post_qu_400.jpg\" alt=\"\" width=\"400\" height=\"400\" \/>\u00d6\u00c4K-Diplom forensisch-psychiatrische Gutachten<\/p><p>\u00d6\u00c4K-Fortbildungsdiplom<\/p><p>Seit 2017 in Gemeinschaftspraxis mit dem Internisten Dr. Christian Koppelst\u00e4tter in Innsbruck und Dr. Helmuth Obermoser in Kitzb\u00fchel selbstst\u00e4ndig<\/p><p>Seit 2016 an der forensischen Ambulanz der promente plus in Innsbruck<\/p><p>Seit 2015 Lektor am Institut f\u00fcr psychosoziale Intervention und Kommunikationsforschung der Universit\u00e4t Innsbruck<\/p><p>2015 \u2013 2017 Oberarzt an der allgemeinen psychiatrischen Ambulanz und im Konsiliar-Liaison-Dienst<\/p><p>2015 Facharzt f\u00fcr Psychiatrie und psychotherapeutische Medizin<\/p><p>2009 \u2013 2015 Assistenzarzt am Department f\u00fcr Psychiatrie und Psychotherapie an der Universit\u00e4tsklinik Innsbruck: Akutstation, Drogenambulanz, station\u00e4re Suchtmittelentw\u00f6hnung, Station f\u00fcr affektive St\u00f6rungen, Psychosomatik, Konsiliar-Liaison-Dienst<\/p><p>2013 Psychotherapeutisches Prop\u00e4deutikum<\/p><p>2009 Promotion zum Doktor der gesamten Heilkunde an der Medizinischen Universit\u00e4t Innsbruck<\/p>","_et_gb_content_width":"","footnotes":""},"class_list":["post-42","page","type-page","status-publish","hentry"],"_links":{"self":[{"href":"https:\/\/www.dr-post.at\/praxis\/wp-json\/wp\/v2\/pages\/42","targetHints":{"allow":["GET"]}}],"collection":[{"href":"https:\/\/www.dr-post.at\/praxis\/wp-json\/wp\/v2\/pages"}],"about":[{"href":"https:\/\/www.dr-post.at\/praxis\/wp-json\/wp\/v2\/types\/page"}],"author":[{"embeddable":true,"href":"https:\/\/www.dr-post.at\/praxis\/wp-json\/wp\/v2\/users\/1"}],"replies":[{"embeddable":true,"href":"https:\/\/www.dr-post.at\/praxis\/wp-json\/wp\/v2\/comments?post=42"}],"version-history":[{"count":0,"href":"https:\/\/www.dr-post.at\/praxis\/wp-json\/wp\/v2\/pages\/42\/revisions"}],"wp:attachment":[{"href":"https:\/\/www.dr-post.at\/praxis\/wp-json\/wp\/v2\/media?parent=42"}],"curies":[{"name":"wp","href":"https:\/\/api.w.org\/{rel}","templated":true}]}}