{"id":40,"date":"2017-02-14T20:59:50","date_gmt":"2017-02-14T19:59:50","guid":{"rendered":"http:\/\/weinlabor.at\/wein\/generate\/?page_id=40"},"modified":"2020-09-02T11:58:57","modified_gmt":"2020-09-02T11:58:57","slug":"leistungen","status":"publish","type":"page","link":"https:\/\/www.dr-post.at\/praxis\/leistungen\/","title":{"rendered":"Leistungen"},"content":{"rendered":"<p>Ich freue mich darauf, Ihre Beschwerden wissenschaftlich fundiert abzukl\u00e4ren und mit Ihnen ein <strong>Behandlungskonzept nach ihren individuellen Bed\u00fcrfnissen<\/strong> zu erstellen.<\/p>\n<h2>Psychiatrische Diagnostik<\/h2>\n<p>Durch die Zusammenarbeit in der <strong>Gemeinschaftsordination <\/strong>mit dem <a href=\"http:\/\/www.blutdruck-therapie.at\/\" target=\"_blank\" rel=\"noopener noreferrer\">Internisten Dr. Christian Koppelst\u00e4tter<\/a> ist eine gr\u00fcndliche <strong>k\u00f6rperliche Abkl\u00e4rung vor Ort<\/strong> am aktuellen Stand der Wissenschaft m\u00f6glich.<\/p>\n<h2>Psychiatrische und psychotherapeutische Behandlung<\/h2>\n<p>Die Behandlung von psychischen Erkrankungen ist ein komplexer Prozess, der psychische, k\u00f6rperliche und soziale Aspekte ber\u00fccksichtigt. Die auf Vertrauen und Wertsch\u00e4tzung basierende Beziehung zwischen dem Arzt und seinem Patienten steht f\u00fcr mich dabei im Mittelpunkt.<\/p>\n<p>Um eine rasche und effektive Kontrolle \u00fcber psychische Symptome zu erreichen, ist h\u00e4ufig eine <strong>psychopharmakologische Behandlung<\/strong> sinnvoll, die nach den aktuellen wissenschaftlich fundierten Leitlinien und individuell angepasst wird. In meiner Ordination sind auch eine Bestimmung von Medikamenten-Plasmaspiegeln sowie die Applikation von Depot-Antipsychotika m\u00f6glich.<\/p>\n<p>Neben der Symptomminderung zielt eine <strong>psychotherapeutische Behandlung<\/strong> auch auf die Ver\u00e4nderung von Einstellungen, Pers\u00f6nlichkeitsmerkmalen und Verhaltensweisen. In der angebotenen tiefenpsychologisch-fundierten Therapie finden die aktuelle Lebenssituation ebenso wie Aspekte der Lebensgeschichte Ber\u00fccksichtigung.<\/p>\n<h2>Psychiatrische Beratung<\/h2>\n<p>Gerne berate ich Sie \u00fcber die unterschiedlichen psychiatrischen Krankheitsbilder und Behandlungsm\u00f6glichkeiten. Ich nehme mir Zeit f\u00fcr Ihre Anliegen und Fragen und bin insbesondere bem\u00fcht um eine <strong>transparente und verst\u00e4ndliche Kommunikation<\/strong>. Auch <strong>Angeh\u00f6rige <\/strong>von Patienten mit psychischen Erkrankungen informiere und unterst\u00fctze ich gerne.<\/p>\n<h2>Vortragst\u00e4tigkeit<\/h2>\n<p>Hier finden Sie die Unterlagen zu meinen Vortr\u00e4gen.<\/p>\n<h2>Enge Zusammenarbeit mit psychosozialen Vereinen<\/h2>\n<p>Indikationsstellung, Betreuung und Zuweisung.<\/p>\n<h2>Fach\u00e4rztlich-psychiatrische Stellungnahmen<\/h2>\n<p>Abgeschlossene Ausbildung forensisch-psychiatrische Gutachten der \u00d6\u00c4K.<\/p>\n<p>Behandlung im Rahmen gerichtlicher Weisungen.<\/p>\n<h2>Psychiater Behandlung in Deutsch und Englisch<\/h2>\n<p>Alle Leistungen werden in deutscher sowie in englischer Sprache angeboten.<\/p>\n<p>&nbsp;<\/p>\n<p>&nbsp;<\/p>\n<p>&nbsp;<\/p>\n","protected":false},"excerpt":{"rendered":"<p>Ich freue mich darauf, Ihre Beschwerden wissenschaftlich fundiert abzukl\u00e4ren und mit Ihnen ein Behandlungskonzept nach ihren individuellen Bed\u00fcrfnissen zu erstellen. Psychiatrische Diagnostik Durch die Zusammenarbeit in der Gemeinschaftsordination mit dem Internisten Dr. Christian Koppelst\u00e4tter ist eine gr\u00fcndliche k\u00f6rperliche Abkl\u00e4rung vor Ort am aktuellen Stand der Wissenschaft m\u00f6glich. Psychiatrische und psychotherapeutische Behandlung Die Behandlung von psychischen [&hellip;]<\/p>\n","protected":false},"author":1,"featured_media":0,"parent":0,"menu_order":0,"comment_status":"closed","ping_status":"closed","template":"","meta":{"_et_pb_use_builder":"","_et_pb_old_content":"","_et_gb_content_width":"","footnotes":""},"class_list":["post-40","page","type-page","status-publish","hentry"],"_links":{"self":[{"href":"https:\/\/www.dr-post.at\/praxis\/wp-json\/wp\/v2\/pages\/40","targetHints":{"allow":["GET"]}}],"collection":[{"href":"https:\/\/www.dr-post.at\/praxis\/wp-json\/wp\/v2\/pages"}],"about":[{"href":"https:\/\/www.dr-post.at\/praxis\/wp-json\/wp\/v2\/types\/page"}],"author":[{"embeddable":true,"href":"https:\/\/www.dr-post.at\/praxis\/wp-json\/wp\/v2\/users\/1"}],"replies":[{"embeddable":true,"href":"https:\/\/www.dr-post.at\/praxis\/wp-json\/wp\/v2\/comments?post=40"}],"version-history":[{"count":0,"href":"https:\/\/www.dr-post.at\/praxis\/wp-json\/wp\/v2\/pages\/40\/revisions"}],"wp:attachment":[{"href":"https:\/\/www.dr-post.at\/praxis\/wp-json\/wp\/v2\/media?parent=40"}],"curies":[{"name":"wp","href":"https:\/\/api.w.org\/{rel}","templated":true}]}}